{"id":147,"date":"2026-01-29T14:48:20","date_gmt":"2026-01-29T14:48:20","guid":{"rendered":"https:\/\/nexenergia.es\/?page_id=147"},"modified":"2026-01-29T14:51:36","modified_gmt":"2026-01-29T14:51:36","slug":"aviso-legal","status":"publish","type":"page","link":"https:\/\/nexenergia.es\/index.php\/aviso-legal\/","title":{"rendered":"Aviso Legal"},"content":{"rendered":"\t\t<div data-elementor-type=\"wp-page\" data-elementor-id=\"147\" class=\"elementor elementor-147\" data-elementor-post-type=\"page\">\n\t\t\t\t<div class=\"elementor-element elementor-element-4ffbe71 e-flex e-con-boxed e-con e-parent\" data-id=\"4ffbe71\" data-element_type=\"container\" data-e-type=\"container\">\n\t\t\t\t\t<div class=\"e-con-inner\">\n\t\t\t\t<div class=\"elementor-element elementor-element-7f71f16 elementor-widget elementor-widget-text-editor\" data-id=\"7f71f16\" data-element_type=\"widget\" data-e-type=\"widget\" data-widget_type=\"text-editor.default\">\n\t\t\t\t\t\t\t\t\t<p>En cumplimiento de la Ley 34\/2002, de 11 de Julio, de Servicios de la Sociedad de la Informaci\u00f3n y del Comercio Electr\u00f3nico le comunicamos la siguiente informaci\u00f3n:<\/p><p><strong>Titular de este sitio:<\/strong><\/p><p><strong>Semuria Renovables 3<\/strong><\/p><ul><li>C.I.F: B16453458<\/li><li>Direcci\u00f3n: Calle tres amigos N\u00ba4 6\u00baE,\u00a0<span style=\"font-size: 17.6px;\">47001,\u00a0Valladolid<\/span><\/li><li>Telf: +34 634 69 02 77<\/li><li>Correo electr\u00f3nico: info@nexenergia.es<\/li><\/ul><p>La utilizaci\u00f3n del contenido y\/o servicios del portal por parte del usuario supone la aceptaci\u00f3n expresa de las siguientes condiciones:<\/p>\t\t\t\t\t\t\t\t<\/div>\n\t\t\t\t<div class=\"elementor-element elementor-element-856bdbe elementor-widget elementor-widget-heading\" data-id=\"856bdbe\" data-element_type=\"widget\" data-e-type=\"widget\" data-widget_type=\"heading.default\">\n\t\t\t\t\t<h4 class=\"elementor-heading-title elementor-size-default\">Condiciones de uso del portal<\/h4>\t\t\t\t<\/div>\n\t\t\t\t<div class=\"elementor-element elementor-element-d88ef3a elementor-widget elementor-widget-text-editor\" data-id=\"d88ef3a\" data-element_type=\"widget\" data-e-type=\"widget\" data-widget_type=\"text-editor.default\">\n\t\t\t\t\t\t\t\t\t<p data-start=\"122\" data-end=\"489\"><strong data-start=\"122\" data-end=\"146\">Semuria Renovables 3<\/strong> se reserva el derecho de efectuar modificaciones en el contenido de este portal sin previo aviso, as\u00ed como de su configuraci\u00f3n y presentaci\u00f3n. Este portal puede contener enlaces a p\u00e1ginas externas, no siendo <strong data-start=\"355\" data-end=\"379\">Semuria Renovables 3<\/strong> responsable del contenido de dichas p\u00e1ginas externas ni de cualquier otro aspecto relacionado con las mismas.<\/p><p data-start=\"491\" data-end=\"822\">Los textos, im\u00e1genes, logotipos y resto de contenidos incluidos en este portal son propiedad de <strong data-start=\"587\" data-end=\"611\">Semuria Renovables 3<\/strong>. Queda prohibida la transmisi\u00f3n, distribuci\u00f3n, reproducci\u00f3n o almacenamiento, total o parcial, excepto si se obtiene el previo consentimiento de <strong data-start=\"757\" data-end=\"781\">Semuria Renovables 3<\/strong>, y salvo cuando se indique lo contrario.<\/p><p data-start=\"824\" data-end=\"1434\">Para poder instalar o utilizar cualquier software que se encuentre disponible para su descarga desde este portal, deben aceptarse previamente los t\u00e9rminos del contrato de licencia, si lo hubiera, que acompa\u00f1e o se incluya en el software. <strong data-start=\"1062\" data-end=\"1086\">Semuria Renovables 3<\/strong> no se hace responsable de los posibles da\u00f1os que se pudieran producir por el hecho de utilizar versiones no actualizadas de navegadores, o de las consecuencias que se pudieran derivar del mal funcionamiento del navegador, ya sea por configuraci\u00f3n inadecuada, presencia de virus inform\u00e1ticos o cualquier otra causa ajena a <strong data-start=\"1409\" data-end=\"1433\">Semuria Renovables 3<\/strong>.<\/p>\t\t\t\t\t\t\t\t<\/div>\n\t\t\t\t<div class=\"elementor-element elementor-element-246e3da elementor-widget elementor-widget-heading\" data-id=\"246e3da\" data-element_type=\"widget\" data-e-type=\"widget\" data-widget_type=\"heading.default\">\n\t\t\t\t\t<h4 class=\"elementor-heading-title elementor-size-default\">Protecci\u00f3n de datos de car\u00e1cter personal<\/h4>\t\t\t\t<\/div>\n\t\t\t\t<div class=\"elementor-element elementor-element-069cb31 elementor-widget elementor-widget-text-editor\" data-id=\"069cb31\" data-element_type=\"widget\" data-e-type=\"widget\" data-widget_type=\"text-editor.default\">\n\t\t\t\t\t\t\t\t\t<p data-start=\"117\" data-end=\"599\">En cumplimiento de la Ley Org\u00e1nica 3\/2018, de 5 de diciembre, de Protecci\u00f3n de Datos Personales y garant\u00eda de los derechos digitales, <strong data-start=\"251\" data-end=\"275\">Semuria Renovables 3<\/strong> le informa que los datos de car\u00e1cter personal que nos proporcione al cumplimentar alg\u00fan formulario de inscripci\u00f3n, solicitud o consulta que aparezca en la presente Web, ser\u00e1n objeto de tratamiento y recogidos en una actividad de tratamiento de datos (denominada \u201cUSUARIOS WEB\u201d) cuyo responsable es <strong data-start=\"574\" data-end=\"598\">Semuria Renovables 3<\/strong>.<\/p><p data-start=\"601\" data-end=\"904\">Para ejercer sus derechos de acceso, rectificaci\u00f3n, oposici\u00f3n, supresi\u00f3n, portabilidad y limitaci\u00f3n al tratamiento de sus datos personales, en los t\u00e9rminos y condiciones previstas en la propia normativa vigente en materia de protecci\u00f3n de datos, puede comunicarlo por escrito a <strong data-start=\"879\" data-end=\"903\">Semuria Renovables 3<\/strong>.<\/p><p data-start=\"906\" data-end=\"1081\">La recogida de sus datos de car\u00e1cter personal se lleva a cabo con la finalidad principal de poder ofrecer y prestarle los productos y\/o servicios ofrecidos en la presente web.<\/p><p data-start=\"1083\" data-end=\"1219\"><strong data-start=\"1083\" data-end=\"1107\">Semuria Renovables 3<\/strong> har\u00e1 uso de los datos de car\u00e1cter personal facilitados por usted exclusivamente para las finalidades indicadas.<\/p><p data-start=\"1221\" data-end=\"1380\">No compartimos la informaci\u00f3n suministrada con terceros salvo exigencia legal o de procedimientos legales, y en ning\u00fan caso, vendemos este tipo de informaci\u00f3n.<\/p><p data-start=\"1382\" data-end=\"1779\"><strong data-start=\"1382\" data-end=\"1406\">Semuria Renovables 3<\/strong> le informa que tiene implantadas las medidas de seguridad de \u00edndole t\u00e9cnica y organizativas necesarias que garanticen la seguridad de sus datos de car\u00e1cter personal y eviten su alteraci\u00f3n, p\u00e9rdida, tratamiento y\/o acceso no autorizado, seg\u00fan lo dispuesto en la Ley Org\u00e1nica 3\/2018, de 5 de diciembre, de Protecci\u00f3n de Datos Personales y garant\u00eda de los derechos digitales.<\/p>\t\t\t\t\t\t\t\t<\/div>\n\t\t\t\t<div class=\"elementor-element elementor-element-0a7922e elementor-widget elementor-widget-heading\" data-id=\"0a7922e\" data-element_type=\"widget\" data-e-type=\"widget\" data-widget_type=\"heading.default\">\n\t\t\t\t\t<h4 class=\"elementor-heading-title elementor-size-default\">Legislaci\u00f3n aplicable y jurisdicci\u00f3n<\/h4>\t\t\t\t<\/div>\n\t\t\t\t<div class=\"elementor-element elementor-element-be41123 elementor-widget elementor-widget-text-editor\" data-id=\"be41123\" data-element_type=\"widget\" data-e-type=\"widget\" data-widget_type=\"text-editor.default\">\n\t\t\t\t\t\t\t\t\t<div class=\"elementor-element elementor-element-9a10f18 elementor-widget elementor-widget-text-editor\" data-id=\"9a10f18\" data-element_type=\"widget\" data-widget_type=\"text-editor.default\"><div class=\"elementor-widget-container\"><p>Este Aviso Legal se rige en todos y cada uno de sus extremos por la ley espa\u00f1ola, siendo competentes para la resoluci\u00f3n de cualquier conflicto derivado o relacionado con el uso de este portal a los Juzgados y Tribunales de Valladolid.<\/p><\/div><\/div>\t\t\t\t\t\t\t\t<\/div>\n\t\t\t\t\t<\/div>\n\t\t\t\t<\/div>\n\t\t\t\t<\/div>\n\t\t","protected":false},"excerpt":{"rendered":"<p>En cumplimiento de la Ley 34\/2002, de 11 de Julio, de Servicios de la Sociedad de la Informaci\u00f3n y del Comercio Electr\u00f3nico le comunicamos la siguiente informaci\u00f3n: Titular de este sitio: Semuria Renovables 3 C.I.F: B16453458 Direcci\u00f3n: Calle tres amigos N\u00ba4 6\u00baE,\u00a047001,\u00a0Valladolid Telf: +34 634 69 02 77 Correo electr\u00f3nico: info@nexenergia.es La utilizaci\u00f3n del contenido [&hellip;]<\/p>\n","protected":false},"author":1,"featured_media":0,"parent":0,"menu_order":0,"comment_status":"closed","ping_status":"closed","template":"","meta":{"footnotes":""},"class_list":["post-147","page","type-page","status-publish","hentry"],"_links":{"self":[{"href":"https:\/\/nexenergia.es\/index.php\/wp-json\/wp\/v2\/pages\/147","targetHints":{"allow":["GET"]}}],"collection":[{"href":"https:\/\/nexenergia.es\/index.php\/wp-json\/wp\/v2\/pages"}],"about":[{"href":"https:\/\/nexenergia.es\/index.php\/wp-json\/wp\/v2\/types\/page"}],"author":[{"embeddable":true,"href":"https:\/\/nexenergia.es\/index.php\/wp-json\/wp\/v2\/users\/1"}],"replies":[{"embeddable":true,"href":"https:\/\/nexenergia.es\/index.php\/wp-json\/wp\/v2\/comments?post=147"}],"version-history":[{"count":4,"href":"https:\/\/nexenergia.es\/index.php\/wp-json\/wp\/v2\/pages\/147\/revisions"}],"predecessor-version":[{"id":151,"href":"https:\/\/nexenergia.es\/index.php\/wp-json\/wp\/v2\/pages\/147\/revisions\/151"}],"wp:attachment":[{"href":"https:\/\/nexenergia.es\/index.php\/wp-json\/wp\/v2\/media?parent=147"}],"curies":[{"name":"wp","href":"https:\/\/api.w.org\/{rel}","templated":true}]}}